{"id":1242,"date":"2021-11-15T07:40:18","date_gmt":"2021-11-15T06:40:18","guid":{"rendered":"https:\/\/www.palais-palffy.com\/datenschutzerklaerung\/"},"modified":"2022-06-01T12:52:05","modified_gmt":"2022-06-01T10:52:05","slug":"datenschutzerklaerung","status":"publish","type":"page","link":"https:\/\/www.palais-palffy.com\/en\/datenschutzerklaerung\/","title":{"rendered":"Datenschutzerkl\u00e4rung"},"content":{"rendered":"\t\t<div data-elementor-type=\"wp-page\" data-elementor-id=\"1242\" class=\"elementor elementor-1242 elementor-166\" data-elementor-post-type=\"page\">\n\t\t\t\t\t\t<section class=\"elementor-section elementor-top-section elementor-element elementor-element-91b37f8 elementor-section-boxed elementor-section-height-default elementor-section-height-default\" data-id=\"91b37f8\" data-element_type=\"section\" data-e-type=\"section\">\n\t\t\t\t\t\t<div class=\"elementor-container elementor-column-gap-default\">\n\t\t\t\t\t<div class=\"elementor-column elementor-col-100 elementor-top-column elementor-element elementor-element-55ff694\" data-id=\"55ff694\" data-element_type=\"column\" data-e-type=\"column\">\n\t\t\t<div class=\"elementor-widget-wrap elementor-element-populated\">\n\t\t\t\t\t\t<div class=\"elementor-element elementor-element-7390f36 elementor-widget elementor-widget-heading\" data-id=\"7390f36\" data-element_type=\"widget\" data-e-type=\"widget\" data-widget_type=\"heading.default\">\n\t\t\t\t<div class=\"elementor-widget-container\">\n\t\t\t\t\t<h1 class=\"elementor-heading-title elementor-size-default\">Erkl\u00e4rung zur Informationspflicht<br>\n(Datenschutzerkl\u00e4rung)<\/h1>\t\t\t\t<\/div>\n\t\t\t\t<\/div>\n\t\t\t\t<div class=\"elementor-element elementor-element-478f18c elementor-widget elementor-widget-text-editor\" data-id=\"478f18c\" data-element_type=\"widget\" data-e-type=\"widget\" data-widget_type=\"text-editor.default\">\n\t\t\t\t<div class=\"elementor-widget-container\">\n\t\t\t\t\t\t\t\t\t<p>Der Schutz Ihrer pers\u00f6nlichen Daten ist uns ein besonderes Anliegen. Wir verarbeiten Daten daher ausschlie\u00dflich auf Grundlage der gesetzlichen Bestimmungen (DSGVO, TKG 2003). In diesen Datenschutzinformationen informieren wir Sie \u00fcber die<br>wichtigsten Aspekte der Datenverarbeitung im Rahmen unserer Website:<\/p><p>Wenn Sie per eMail Kontakt mit uns aufnehmen, werden Ihre angegebenen Daten zwecks Bearbeitung der Anfrage und f\u00fcr<br>den Fall von Anschlussfragen sechs Monate bei uns gespeichert. Diese Daten geben wir nicht ohne Ihre Einwilligung weiter.<\/p><p>Unsere Website verwendet <span style=\"text-decoration: underline;\">keine<\/span> Cookies.<\/p><p><strong>Ihre Rechte<\/strong><\/p><p>Ihnen stehen grunds\u00e4tzlich die Rechte auf Auskunft, Berichtigung, L\u00f6schung, Einschr\u00e4nkung, Daten\u00fcbertragbarkeit, Widerruf<br>und Widerspruch in Bezug auf die Verarbeitung Ihrer Daten zu.<br>Aufsichtsbeh\u00f6rde in Sachen Datenschutzrecht ist in \u00d6sterreich die Datenschutzbeh\u00f6rde.<\/p><p><strong>Kontakt<\/strong><\/p><p><strong>Palais P\u00e1lffy Kultur &amp; Events GmbH<\/strong><br>Josefsplatz 6, 1010 Wien<br>Telefon +43664 51 810 52<br><strong>E-Mail: <a href=\"mailto:events@palais-palffy.com\">events@palais-palffy.com<\/a><\/strong><\/p>\t\t\t\t\t\t\t\t<\/div>\n\t\t\t\t<\/div>\n\t\t\t\t\t<\/div>\n\t\t<\/div>\n\t\t\t\t\t<\/div>\n\t\t<\/section>\n\t\t\t\t<\/div>\n\t\t","protected":false},"excerpt":{"rendered":"<p>Erkl\u00e4rung zur Informationspflicht (Datenschutzerkl\u00e4rung) Der Schutz Ihrer pers\u00f6nlichen Daten ist uns ein besonderes Anliegen. Wir verarbeiten Daten daher ausschlie\u00dflich auf Grundlage der gesetzlichen Bestimmungen (DSGVO, TKG 2003). In diesen Datenschutzinformationen informieren wir Sie \u00fcber diewichtigsten Aspekte der Datenverarbeitung im Rahmen unserer Website: Wenn Sie per eMail Kontakt mit uns aufnehmen, werden Ihre angegebenen Daten zwecks [&hellip;]<\/p>\n","protected":false},"author":1,"featured_media":0,"parent":0,"menu_order":0,"comment_status":"closed","ping_status":"closed","template":"","meta":{"_acf_changed":false,"inline_featured_image":false,"footnotes":""},"class_list":["post-1242","page","type-page","status-publish","hentry"],"acf":[],"publishpress_future_action":{"enabled":false,"date":"2026-05-06 12:51:18","action":"change-status","newStatus":"draft","terms":[],"taxonomy":"translation_priority","extraData":[]},"publishpress_future_workflow_manual_trigger":{"enabledWorkflows":[]},"_links":{"self":[{"href":"https:\/\/www.palais-palffy.com\/en\/wp-json\/wp\/v2\/pages\/1242","targetHints":{"allow":["GET"]}}],"collection":[{"href":"https:\/\/www.palais-palffy.com\/en\/wp-json\/wp\/v2\/pages"}],"about":[{"href":"https:\/\/www.palais-palffy.com\/en\/wp-json\/wp\/v2\/types\/page"}],"author":[{"embeddable":true,"href":"https:\/\/www.palais-palffy.com\/en\/wp-json\/wp\/v2\/users\/1"}],"replies":[{"embeddable":true,"href":"https:\/\/www.palais-palffy.com\/en\/wp-json\/wp\/v2\/comments?post=1242"}],"version-history":[{"count":3,"href":"https:\/\/www.palais-palffy.com\/en\/wp-json\/wp\/v2\/pages\/1242\/revisions"}],"predecessor-version":[{"id":1245,"href":"https:\/\/www.palais-palffy.com\/en\/wp-json\/wp\/v2\/pages\/1242\/revisions\/1245"}],"wp:attachment":[{"href":"https:\/\/www.palais-palffy.com\/en\/wp-json\/wp\/v2\/media?parent=1242"}],"curies":[{"name":"wp","href":"https:\/\/api.w.org\/{rel}","templated":true}]}}